{"id":17227,"date":"2014-03-24T10:54:51","date_gmt":"2014-03-24T10:54:51","guid":{"rendered":"https:\/\/www.bellesaessencial.com\/quienes-somos\/"},"modified":"2025-01-30T10:43:33","modified_gmt":"2025-01-30T10:43:33","slug":"quienes-somos","status":"publish","type":"page","link":"https:\/\/www.bellesaessencial.com\/es\/quienes-somos\/","title":{"rendered":"Qui\u00e9nes somos"},"content":{"rendered":"<div class=\"wpb-content-wrapper\"><p>[vc_row css_animation=\u00bb\u00bb row_type=\u00bbrow\u00bb use_row_as_full_screen_section=\u00bbno\u00bb type=\u00bbgrid\u00bb angled_section=\u00bbno\u00bb text_align=\u00bbleft\u00bb background_image_as_pattern=\u00bbwithout_pattern\u00bb padding_top=\u00bb87&#8243; padding_bottom=\u00bb0&#8243; background_color=\u00bb#ffffff\u00bb][vc_column][vc_column_text]<\/p>\n<h1 style=\"text-align: center;\">Qui\u00e9nes somos<\/h1>\n<p>[\/vc_column_text][vc_separator type=\u00bbtransparent\u00bb up=\u00bb15&#8243;][vc_column_text]<\/p>\n<h2 style=\"text-align: center;\"><span class=\" author-d-1gg9uz65z1iz85zgdz68zmqkz84zo2qoxw4ntjz86zq1dau9z85z2z77zlid1u0z85zz67zz87zz66zz65zjz76z8z84zz80z\">Creadoras de belleza responsable<\/span><\/h2>\n<p>[\/vc_column_text][vc_separator type=\u00bbtransparent\u00bb up=\u00bb15&#8243;][vc_column_text]<\/p>\n<h4 style=\"text-align: center;\">#BEreal #BEresponsable #BEsostenible<\/h4>\n<p>[\/vc_column_text][vc_separator type=\u00bbtransparent\u00bb up=\u00bb31&#8243; down=\u00bb24&#8243;][vc_single_image image=\u00bb16469&#8243; img_size=\u00bbfull\u00bb alignment=\u00bbcenter\u00bb qode_css_animation=\u00bb\u00bb el_class=\u00bbimage-full-width\u00bb][\/vc_column][\/vc_row][vc_row css_animation=\u00bb\u00bb row_type=\u00bbrow\u00bb use_row_as_full_screen_section=\u00bbno\u00bb type=\u00bbgrid\u00bb angled_section=\u00bbno\u00bb text_align=\u00bbleft\u00bb background_image_as_pattern=\u00bbwithout_pattern\u00bb padding_top=\u00bb70&#8243; padding_bottom=\u00bb36&#8243; z_index=\u00bb\u00bb][vc_column width=\u00bb2\/6&#8243;][vc_column_text]<\/p>\n<h2 style=\"text-align: left;\"><strong>T\u00e9cnicas y productos no invasivos que respetan<\/strong> <strong>al m\u00e1ximo la naturaleza de la piel y el cabello<\/strong><\/h2>\n<p>[\/vc_column_text][vc_separator type=\u00bbtransparent\u00bb up=\u00bb15&#8243;][\/vc_column][vc_column width=\u00bb4\/6&#8243;][vc_column_text]<\/p>\n<p style=\"text-align: left;\"><span class=\" author-d-1gg9uz65z1iz85zgdz68zmqkz84zo2qoxw4ntjz86zq1dau9z85z2z77zlid1u0z85zz67zz87zz66zz65zjz76z8z84zz80z\">El 12 de diciembre de 1999 abr\u00ed el primer centro como profesional de moda y belleza. Siempre me ha apasionado el cabello, su versatilidad y resistencia.<\/span><\/p>\n<p>&nbsp;<\/p>\n<p style=\"text-align: left;\"><span class=\" author-d-1gg9uz65z1iz85zgdz68zmqkz84zo2qoxw4ntjz86zq1dau9z85z2z77zlid1u0z85zz67zz87zz66zz65zjz76z8z84zz80z\">Despu\u00e9s de la crisis y un proceso de b\u00fasqueda personal, en 2012 implemento la cultura de la<\/span> <span class=\" author-d-1gg9uz65z1iz85zgdz68zmqkz84zo2qoxw4ntjz86zq1dau9z85z2z77zlid1u0z85zz67zz87zz66zz65zjz76z8z84zz80z\"><b>Belleza Consciente<\/b><\/span> <span class=\" author-d-1gg9uz65z1iz85zgdz68zmqkz84zo2qoxw4ntjz86zq1dau9z85z2z77zlid1u0z85zz67zz87zz66zz65zjz76z8z84zz80z\">.<\/span><\/p>\n<p>&nbsp;<\/p>\n<p style=\"text-align: left;\"><span class=\" author-d-1gg9uz65z1iz85zgdz68zmqkz84zo2qoxw4ntjz86zq1dau9z85z2z77zlid1u0z85zz67zz87zz66zz65zjz76z8z84zz80z\">En Belleza Essencial entendemos este concepto como una forma de crear moda y tendencias, con t\u00e9cnicas no invasivas y<\/span> <span class=\" author-d-1gg9uz65z1iz85zgdz68zmqkz84zo2qoxw4ntjz86zq1dau9z85z2z77zlid1u0z85zz67zz87zz66zz65zjz76z8z84zz80z\"><b>productos que respetan al m\u00e1ximo la naturaleza del cuerpo, piel y el cabello, generando salud y bienestar.<\/b><\/span><\/p>\n<p>[\/vc_column_text][vc_separator type=\u00bbtransparent\u00bb up=\u00bb57&#8243; thickness=\u00bb1&#8243; down=\u00bb0&#8243;][vc_single_image image=\u00bb16470&#8243; img_size=\u00bbfull\u00bb qode_css_animation=\u00bb\u00bb][\/vc_column][\/vc_row][vc_row css_animation=\u00bb\u00bb row_type=\u00bbrow\u00bb use_row_as_full_screen_section=\u00bbno\u00bb type=\u00bbgrid\u00bb angled_section=\u00bbno\u00bb text_align=\u00bbleft\u00bb background_image_as_pattern=\u00bbwithout_pattern\u00bb z_index=\u00bb\u00bb][vc_column][vc_separator type=\u00bbnormal\u00bb up=\u00bb15&#8243; color=\u00bb#000000&#8243; down=\u00bb15&#8243;][\/vc_column][\/vc_row][vc_row css_animation=\u00bb\u00bb row_type=\u00bbrow\u00bb use_row_as_full_screen_section=\u00bbno\u00bb type=\u00bbgrid\u00bb angled_section=\u00bbno\u00bb text_align=\u00bbleft\u00bb background_image_as_pattern=\u00bbwithout_pattern\u00bb padding_top=\u00bb70&#8243; padding_bottom=\u00bb36&#8243; z_index=\u00bb\u00bb][vc_column width=\u00bb5\/12&#8243;][vc_single_image image=\u00bb16471&#8243; img_size=\u00bbfull\u00bb qode_css_animation=\u00bb\u00bb][\/vc_column][vc_column width=\u00bb7\/12&#8243;][vc_separator type=\u00bbtransparent\u00bb up=\u00bb90&#8243; thickness=\u00bb1&#8243; down=\u00bb0&#8243;][vc_column_text]<\/p>\n<h2><span class=\" author-d-1gg9uz65z1iz85zgdz68zmqkz84zo2qoxw4ntjz86zq1dau9z85z2z77zlid1u0z85zz67zz87zz66zz65zjz76z8z84zz80z\">Comprometidas con los Objetivos de Desarrollo Sostenible de Naciones Unidas<\/span><\/h2>\n<p>[\/vc_column_text][vc_separator type=\u00bbtransparent\u00bb up=\u00bb57&#8243; thickness=\u00bb1&#8243; down=\u00bb0&#8243;][\/vc_column][\/vc_row][vc_row css_animation=\u00bb\u00bb row_type=\u00bbrow\u00bb use_row_as_full_screen_section=\u00bbno\u00bb type=\u00bbgrid\u00bb angled_section=\u00bbno\u00bb text_align=\u00bbleft\u00bb background_image_as_pattern=\u00bbwithout_pattern\u00bb padding_top=\u00bb77&#8243; padding_bottom=\u00bb35&#8243; background_color=\u00bb#ffffff\u00bb][vc_column][vc_row_inner row_type=\u00bbrow\u00bb type=\u00bbfull_width\u00bb text_align=\u00bbleft\u00bb css_animation=\u00bb\u00bb el_class=\u00bbods-image-center\u00bb][vc_column_inner width=\u00bb1\/4&#8243;]<div class='q_icon_with_title medium custom_icon_image center qode-iwt-content-alignment-left '><div class=\"icon_holder \" style=\" \"><img decoding=\"async\" itemprop=\"image\" style=\"\" src=\"https:\/\/www.bellesaessencial.com\/wp-content\/uploads\/2022\/10\/S-WEB-Goal-03_ca.png\" alt=\"\"><\/div><div class=\"icon_text_holder\" style=\"\"><div class=\"icon_text_inner\" style=\"\"><h5 class=\"icon_title\" style=\"font-weight: 700;\">Salud y bienestar<\/h5><p style=''>Generamos belleza consciente y saludable para nuestro cuerpo, nuestra mente y el planeta.<\/p><\/div><\/div><\/div>[vc_separator type=\u00bbtransparent\u00bb up=\u00bb18&#8243; down=\u00bb0&#8243;][\/vc_column_inner][vc_column_inner width=\u00bb1\/4&#8243;]<div class='q_icon_with_title medium custom_icon_image center qode-iwt-content-alignment-left '><div class=\"icon_holder \" style=\" \"><img decoding=\"async\" itemprop=\"image\" style=\"\" src=\"https:\/\/www.bellesaessencial.com\/wp-content\/uploads\/2022\/10\/S-WEB-Goal-05_ca.png\" alt=\"\"><\/div><div class=\"icon_text_holder\" style=\"\"><div class=\"icon_text_inner\" style=\"\"><h5 class=\"icon_title\" style=\"font-weight: 700;\">Empoderamiento mujer<\/h5><p style=''>Tratamos la imagen personal desde el cuidado y el respeto a las clientas y el bienestar del equipo.<\/p><\/div><\/div><\/div>[vc_separator type=\u00bbtransparent\u00bb up=\u00bb18&#8243; down=\u00bb0&#8243;][\/vc_column_inner][vc_column_inner width=\u00bb1\/4&#8243;]<div class='q_icon_with_title medium custom_icon_image center qode-iwt-content-alignment-left '><div class=\"icon_holder \" style=\" \"><img decoding=\"async\" itemprop=\"image\" style=\"\" src=\"https:\/\/www.bellesaessencial.com\/wp-content\/uploads\/2022\/10\/S-WEB-Goal-06_ca.png\" alt=\"\"><\/div><div class=\"icon_text_holder\" style=\"\"><div class=\"icon_text_inner\" style=\"\"><h5 class=\"icon_title\" style=\"font-weight: 700;\">Agua y saneamiento<\/h5><p style=''>Aplicamos criterios de aprovechamiento del agua y la no contaminaci\u00f3n con productos nocivos.<\/p><\/div><\/div><\/div>[vc_separator type=\u00bbtransparent\u00bb up=\u00bb18&#8243; down=\u00bb0&#8243;][\/vc_column_inner][vc_column_inner width=\u00bb1\/4&#8243;]<div class='q_icon_with_title medium custom_icon_image center qode-iwt-content-alignment-left '><div class=\"icon_holder \" style=\" \"><img decoding=\"async\" itemprop=\"image\" style=\"\" src=\"https:\/\/www.bellesaessencial.com\/wp-content\/uploads\/2022\/10\/S-WEB-Goal-12_ca.png\" alt=\"\"><\/div><div class=\"icon_text_holder\" style=\"\"><div class=\"icon_text_inner\" style=\"\"><h5 class=\"icon_title\" style=\"font-weight: 700;\">Consumo responsable<\/h5><p style=''>Proveedores de proximidad y pr\u00e1cticas sostenibles. Consumo responsable por las necesidades de cada servicio.<\/p><\/div><\/div><\/div>[vc_separator type=\u00bbtransparent\u00bb up=\u00bb18&#8243; down=\u00bb0&#8243;][\/vc_column_inner][\/vc_row_inner][\/vc_column][\/vc_row][vc_row css_animation=\u00bb\u00bb row_type=\u00bbrow\u00bb use_row_as_full_screen_section=\u00bbno\u00bb type=\u00bbgrid\u00bb angled_section=\u00bbno\u00bb text_align=\u00bbleft\u00bb background_image_as_pattern=\u00bbwithout_pattern\u00bb background_color=\u00bb#fff0f5&#8243; padding_top=\u00bb70&#8243; padding_bottom=\u00bb41&#8243; z_index=\u00bb\u00bb][vc_column][vc_column_text]<\/p>\n<h2 style=\"text-align: center;\">Testimoniales<\/h2>\n<p>[\/vc_column_text][vc_separator type=\u00bbtransparent\u00bb up=\u00bb15&#8243;]<div class='testimonials_holder clearfix dark'><div class=\"testimonials testimonials_carousel\" data-show-navigation=\"yes\" data-animation-type=\"fade\" data-animation-speed=\"\" data-auto-rotate-slides=\"3\" data-number-per-slide=\"1\"><ul class=\"slides\"><li id=\"testimonials17256\" class=\"testimonial_content\"><div class=\"testimonial_content_inner\"><div class=\"testimonial_text_holder\"><div class=\"testimonial_text_inner\" style=\"\"><p>Cortarse el pelo en Belleza Esencial es una terapia maravillosa<\/p><p class=\"testimonial_author\" style=\"\">Jose Miguel<\/p><\/div><\/div><\/div><\/li><li id=\"testimonials17255\" class=\"testimonial_content\"><div class=\"testimonial_content_inner\"><div class=\"testimonial_text_holder\"><div class=\"testimonial_text_inner\" style=\"\"><p>Estoy totalmente satisfecha. Si no he puesto un 10 se porque creo que todas las cosas pueden mejorar, lo que ven\u00eda haciendo desde siempre.<\/p><p class=\"testimonial_author\" style=\"\">Lluisa<\/p><\/div><\/div><\/div><\/li><li id=\"testimonials17254\" class=\"testimonial_content\"><div class=\"testimonial_content_inner\"><div class=\"testimonial_text_holder\"><div class=\"testimonial_text_inner\" style=\"\"><p>Hace muchos a\u00f1os que disfruto del trato y de los servicios de peluquer\u00eda de Belleza Esencial. Siempre es un placer visitar este centro de belleza y benestar. M\u00e1xima profesionalidad y mejor trato. Sin duda siempre lo recomiendo. Particularmente realizo ba\u00f1os de plantas para mejorar la salud de mi pelo. Tambi\u00e9n me cortan el pelo. \u00a1Me encanta! Agradecida siempre por el trato. Adem\u00e1s, siempre me ofrecen un rico t\u00e9 o infusi\u00f3n de INHALA que me sienta de maravilla. Un fuerte abrazo para todo el Equipo ;))<\/p><p class=\"testimonial_author\" style=\"\">N\u00faria Inhala<\/p><\/div><\/div><\/div><\/li><\/ul><\/div><\/div>[vc_single_image image=\u00bb16412&#8243; img_size=\u00bbfull\u00bb alignment=\u00bbright\u00bb qode_css_animation=\u00bb\u00bb el_class=\u00bbtestimonial-image-bg\u00bb][\/vc_column][\/vc_row]<\/p>\n<\/div>","protected":false},"excerpt":{"rendered":"<p>[vc_row css_animation=\u00bb\u00bb row_type=\u00bbrow\u00bb use_row_as_full_screen_section=\u00bbno\u00bb type=\u00bbgrid\u00bb angled_section=\u00bbno\u00bb text_align=\u00bbleft\u00bb background_image_as_pattern=\u00bbwithout_pattern\u00bb padding_top=\u00bb87&#8243; padding_bottom=\u00bb0&#8243; background_color=\u00bb#ffffff\u00bb][vc_column][vc_column_text] Qui\u00e9nes somos [\/vc_column_text][vc_separator type=\u00bbtransparent\u00bb up=\u00bb15&#8243;][vc_column_text] Creadoras de belleza responsable [\/vc_column_text][vc_separator type=\u00bbtransparent\u00bb up=\u00bb15&#8243;][vc_column_text] #BEreal #BEresponsable #BEsostenible [\/vc_column_text][vc_separator type=\u00bbtransparent\u00bb up=\u00bb31&#8243; down=\u00bb24&#8243;][vc_single_image image=\u00bb16469&#8243; img_size=\u00bbfull\u00bb alignment=\u00bbcenter\u00bb qode_css_animation=\u00bb\u00bb el_class=\u00bbimage-full-width\u00bb][\/vc_column][\/vc_row][vc_row css_animation=\u00bb\u00bb row_type=\u00bbrow\u00bb use_row_as_full_screen_section=\u00bbno\u00bb type=\u00bbgrid\u00bb angled_section=\u00bbno\u00bb text_align=\u00bbleft\u00bb background_image_as_pattern=\u00bbwithout_pattern\u00bb padding_top=\u00bb70&#8243; padding_bottom=\u00bb36&#8243; z_index=\u00bb\u00bb][vc_column&#8230;<\/p>\n","protected":false},"author":2,"featured_media":0,"parent":0,"menu_order":0,"comment_status":"open","ping_status":"closed","template":"full_width.php","meta":{"_joinchat":[],"footnotes":""},"class_list":["post-17227","page","type-page","status-publish","hentry"],"yoast_head":"<!-- This site is optimized with the Yoast SEO plugin v24.3 - https:\/\/yoast.com\/wordpress\/plugins\/seo\/ -->\n<title>Bellesa Essencial: Belleza Responsable y Sostenible<\/title>\n<meta name=\"description\" content=\"Desde 1999, promovemos la belleza consciente con t\u00e9cnicas no invasivas y productos que respetan tu salud y el medio ambiente.\" \/>\n<meta name=\"robots\" content=\"index, follow, max-snippet:-1, max-image-preview:large, max-video-preview:-1\" \/>\n<link rel=\"canonical\" href=\"https:\/\/www.bellesaessencial.com\/es\/quienes-somos\/\" \/>\n<meta property=\"og:locale\" content=\"es_ES\" \/>\n<meta property=\"og:type\" content=\"article\" \/>\n<meta property=\"og:title\" content=\"Bellesa Essencial: Belleza Responsable y Sostenible\" \/>\n<meta property=\"og:description\" content=\"Desde 1999, promovemos la belleza consciente con t\u00e9cnicas no invasivas y productos que respetan tu salud y el medio ambiente.\" \/>\n<meta property=\"og:url\" content=\"https:\/\/www.bellesaessencial.com\/es\/quienes-somos\/\" \/>\n<meta property=\"og:site_name\" content=\"Bellesa Essencial\" \/>\n<meta property=\"article:modified_time\" content=\"2025-01-30T10:43:33+00:00\" \/>\n<meta name=\"twitter:card\" content=\"summary_large_image\" \/>\n<meta name=\"twitter:label1\" content=\"Tiempo de lectura\" \/>\n\t<meta name=\"twitter:data1\" content=\"2 minutos\" \/>\n<script type=\"application\/ld+json\" class=\"yoast-schema-graph\">{\"@context\":\"https:\/\/schema.org\",\"@graph\":[{\"@type\":\"WebPage\",\"@id\":\"https:\/\/www.bellesaessencial.com\/es\/quienes-somos\/\",\"url\":\"https:\/\/www.bellesaessencial.com\/es\/quienes-somos\/\",\"name\":\"Bellesa Essencial: Belleza Responsable y Sostenible\",\"isPartOf\":{\"@id\":\"https:\/\/www.bellesaessencial.com\/es\/#website\"},\"datePublished\":\"2014-03-24T10:54:51+00:00\",\"dateModified\":\"2025-01-30T10:43:33+00:00\",\"description\":\"Desde 1999, promovemos la belleza consciente con t\u00e9cnicas no invasivas y productos que respetan tu salud y el medio ambiente.\",\"breadcrumb\":{\"@id\":\"https:\/\/www.bellesaessencial.com\/es\/quienes-somos\/#breadcrumb\"},\"inLanguage\":\"es\",\"potentialAction\":[{\"@type\":\"ReadAction\",\"target\":[\"https:\/\/www.bellesaessencial.com\/es\/quienes-somos\/\"]}]},{\"@type\":\"BreadcrumbList\",\"@id\":\"https:\/\/www.bellesaessencial.com\/es\/quienes-somos\/#breadcrumb\",\"itemListElement\":[{\"@type\":\"ListItem\",\"position\":1,\"name\":\"Home\",\"item\":\"https:\/\/www.bellesaessencial.com\/es\/\"},{\"@type\":\"ListItem\",\"position\":2,\"name\":\"Qui\u00e9nes somos\"}]},{\"@type\":\"WebSite\",\"@id\":\"https:\/\/www.bellesaessencial.com\/es\/#website\",\"url\":\"https:\/\/www.bellesaessencial.com\/es\/\",\"name\":\"Bellesa Essencial\",\"description\":\"Otro sitio realizado con WordPress\",\"publisher\":{\"@id\":\"https:\/\/www.bellesaessencial.com\/es\/#organization\"},\"potentialAction\":[{\"@type\":\"SearchAction\",\"target\":{\"@type\":\"EntryPoint\",\"urlTemplate\":\"https:\/\/www.bellesaessencial.com\/es\/?s={search_term_string}\"},\"query-input\":{\"@type\":\"PropertyValueSpecification\",\"valueRequired\":true,\"valueName\":\"search_term_string\"}}],\"inLanguage\":\"es\"},{\"@type\":[\"Organization\",\"Place\"],\"@id\":\"https:\/\/www.bellesaessencial.com\/es\/#organization\",\"name\":\"Bellesa Essencial\",\"url\":\"https:\/\/www.bellesaessencial.com\/es\/\",\"logo\":{\"@id\":\"https:\/\/www.bellesaessencial.com\/es\/quienes-somos\/#local-main-organization-logo\"},\"image\":{\"@id\":\"https:\/\/www.bellesaessencial.com\/es\/quienes-somos\/#local-main-organization-logo\"},\"address\":{\"@id\":\"https:\/\/www.bellesaessencial.com\/es\/quienes-somos\/#local-main-place-address\"},\"geo\":{\"@type\":\"GeoCoordinates\",\"latitude\":\"41.6164912\",\"longitude\":\"2.27264714\"},\"telephone\":[\"938 70 88 07\"],\"contactPoint\":{\"@type\":\"ContactPoint\",\"email\":\"hola@bellesaessencial.com\"},\"openingHoursSpecification\":[{\"@type\":\"OpeningHoursSpecification\",\"dayOfWeek\":[\"Monday\",\"Sunday\"],\"opens\":\"00:00\",\"closes\":\"00:00\"},{\"@type\":\"OpeningHoursSpecification\",\"dayOfWeek\":[\"Tuesday\",\"Wednesday\",\"Thursday\",\"Friday\"],\"opens\":\"09:00\",\"closes\":\"19:00\"},{\"@type\":\"OpeningHoursSpecification\",\"dayOfWeek\":[\"Saturday\"],\"opens\":\"08:00\",\"closes\":\"14:00\"}]},{\"@type\":\"PostalAddress\",\"@id\":\"https:\/\/www.bellesaessencial.com\/es\/quienes-somos\/#local-main-place-address\",\"streetAddress\":\"Carrer de Corr\u00f3, 23-25\",\"addressLocality\":\"Granollers\",\"postalCode\":\"08521\",\"addressRegion\":\"Barcelona\",\"addressCountry\":\"ES\"},{\"@type\":\"ImageObject\",\"inLanguage\":\"es\",\"@id\":\"https:\/\/www.bellesaessencial.com\/es\/quienes-somos\/#local-main-organization-logo\",\"url\":\"https:\/\/www.bellesaessencial.com\/wp-content\/uploads\/2022\/10\/bellesa-essencial.png\",\"contentUrl\":\"https:\/\/www.bellesaessencial.com\/wp-content\/uploads\/2022\/10\/bellesa-essencial.png\",\"width\":393,\"height\":54,\"caption\":\"Bellesa Essencial\"}]}<\/script>\n<meta name=\"geo.placename\" content=\"Granollers\" \/>\n<meta name=\"geo.position\" content=\"41.6164912;2.27264714\" \/>\n<meta name=\"geo.region\" content=\"Espa\u00f1a\" \/>\n<!-- \/ Yoast SEO plugin. -->","yoast_head_json":{"title":"Bellesa Essencial: Belleza Responsable y Sostenible","description":"Desde 1999, promovemos la belleza consciente con t\u00e9cnicas no invasivas y productos que respetan tu salud y el medio ambiente.","robots":{"index":"index","follow":"follow","max-snippet":"max-snippet:-1","max-image-preview":"max-image-preview:large","max-video-preview":"max-video-preview:-1"},"canonical":"https:\/\/www.bellesaessencial.com\/es\/quienes-somos\/","og_locale":"es_ES","og_type":"article","og_title":"Bellesa Essencial: Belleza Responsable y Sostenible","og_description":"Desde 1999, promovemos la belleza consciente con t\u00e9cnicas no invasivas y productos que respetan tu salud y el medio ambiente.","og_url":"https:\/\/www.bellesaessencial.com\/es\/quienes-somos\/","og_site_name":"Bellesa Essencial","article_modified_time":"2025-01-30T10:43:33+00:00","twitter_card":"summary_large_image","twitter_misc":{"Tiempo de lectura":"2 minutos"},"schema":{"@context":"https:\/\/schema.org","@graph":[{"@type":"WebPage","@id":"https:\/\/www.bellesaessencial.com\/es\/quienes-somos\/","url":"https:\/\/www.bellesaessencial.com\/es\/quienes-somos\/","name":"Bellesa Essencial: Belleza Responsable y Sostenible","isPartOf":{"@id":"https:\/\/www.bellesaessencial.com\/es\/#website"},"datePublished":"2014-03-24T10:54:51+00:00","dateModified":"2025-01-30T10:43:33+00:00","description":"Desde 1999, promovemos la belleza consciente con t\u00e9cnicas no invasivas y productos que respetan tu salud y el medio ambiente.","breadcrumb":{"@id":"https:\/\/www.bellesaessencial.com\/es\/quienes-somos\/#breadcrumb"},"inLanguage":"es","potentialAction":[{"@type":"ReadAction","target":["https:\/\/www.bellesaessencial.com\/es\/quienes-somos\/"]}]},{"@type":"BreadcrumbList","@id":"https:\/\/www.bellesaessencial.com\/es\/quienes-somos\/#breadcrumb","itemListElement":[{"@type":"ListItem","position":1,"name":"Home","item":"https:\/\/www.bellesaessencial.com\/es\/"},{"@type":"ListItem","position":2,"name":"Qui\u00e9nes somos"}]},{"@type":"WebSite","@id":"https:\/\/www.bellesaessencial.com\/es\/#website","url":"https:\/\/www.bellesaessencial.com\/es\/","name":"Bellesa Essencial","description":"Otro sitio realizado con WordPress","publisher":{"@id":"https:\/\/www.bellesaessencial.com\/es\/#organization"},"potentialAction":[{"@type":"SearchAction","target":{"@type":"EntryPoint","urlTemplate":"https:\/\/www.bellesaessencial.com\/es\/?s={search_term_string}"},"query-input":{"@type":"PropertyValueSpecification","valueRequired":true,"valueName":"search_term_string"}}],"inLanguage":"es"},{"@type":["Organization","Place"],"@id":"https:\/\/www.bellesaessencial.com\/es\/#organization","name":"Bellesa Essencial","url":"https:\/\/www.bellesaessencial.com\/es\/","logo":{"@id":"https:\/\/www.bellesaessencial.com\/es\/quienes-somos\/#local-main-organization-logo"},"image":{"@id":"https:\/\/www.bellesaessencial.com\/es\/quienes-somos\/#local-main-organization-logo"},"address":{"@id":"https:\/\/www.bellesaessencial.com\/es\/quienes-somos\/#local-main-place-address"},"geo":{"@type":"GeoCoordinates","latitude":"41.6164912","longitude":"2.27264714"},"telephone":["938 70 88 07"],"contactPoint":{"@type":"ContactPoint","email":"hola@bellesaessencial.com"},"openingHoursSpecification":[{"@type":"OpeningHoursSpecification","dayOfWeek":["Monday","Sunday"],"opens":"00:00","closes":"00:00"},{"@type":"OpeningHoursSpecification","dayOfWeek":["Tuesday","Wednesday","Thursday","Friday"],"opens":"09:00","closes":"19:00"},{"@type":"OpeningHoursSpecification","dayOfWeek":["Saturday"],"opens":"08:00","closes":"14:00"}]},{"@type":"PostalAddress","@id":"https:\/\/www.bellesaessencial.com\/es\/quienes-somos\/#local-main-place-address","streetAddress":"Carrer de Corr\u00f3, 23-25","addressLocality":"Granollers","postalCode":"08521","addressRegion":"Barcelona","addressCountry":"ES"},{"@type":"ImageObject","inLanguage":"es","@id":"https:\/\/www.bellesaessencial.com\/es\/quienes-somos\/#local-main-organization-logo","url":"https:\/\/www.bellesaessencial.com\/wp-content\/uploads\/2022\/10\/bellesa-essencial.png","contentUrl":"https:\/\/www.bellesaessencial.com\/wp-content\/uploads\/2022\/10\/bellesa-essencial.png","width":393,"height":54,"caption":"Bellesa Essencial"}]},"geo.placename":"Granollers","geo.position":{"lat":"41.6164912","long":"2.27264714"},"geo.region":"Espa\u00f1a"},"_links":{"self":[{"href":"https:\/\/www.bellesaessencial.com\/es\/wp-json\/wp\/v2\/pages\/17227","targetHints":{"allow":["GET"]}}],"collection":[{"href":"https:\/\/www.bellesaessencial.com\/es\/wp-json\/wp\/v2\/pages"}],"about":[{"href":"https:\/\/www.bellesaessencial.com\/es\/wp-json\/wp\/v2\/types\/page"}],"author":[{"embeddable":true,"href":"https:\/\/www.bellesaessencial.com\/es\/wp-json\/wp\/v2\/users\/2"}],"replies":[{"embeddable":true,"href":"https:\/\/www.bellesaessencial.com\/es\/wp-json\/wp\/v2\/comments?post=17227"}],"version-history":[{"count":3,"href":"https:\/\/www.bellesaessencial.com\/es\/wp-json\/wp\/v2\/pages\/17227\/revisions"}],"predecessor-version":[{"id":17234,"href":"https:\/\/www.bellesaessencial.com\/es\/wp-json\/wp\/v2\/pages\/17227\/revisions\/17234"}],"wp:attachment":[{"href":"https:\/\/www.bellesaessencial.com\/es\/wp-json\/wp\/v2\/media?parent=17227"}],"curies":[{"name":"wp","href":"https:\/\/api.w.org\/{rel}","templated":true}]}}