{"id":17228,"date":"2022-10-27T13:55:33","date_gmt":"2022-10-27T13:55:33","guid":{"rendered":"https:\/\/www.bellesaessencial.com\/politica-de-cookies\/"},"modified":"2025-01-29T10:53:29","modified_gmt":"2025-01-29T10:53:29","slug":"politica-de-cookies","status":"publish","type":"page","link":"https:\/\/www.bellesaessencial.com\/es\/politica-de-cookies\/","title":{"rendered":"Pol\u00edtica de cookies"},"content":{"rendered":"<div class=\"wpb-content-wrapper\"><p>[vc_row css_animation=\u00bb\u00bb row_type=\u00bbrow\u00bb use_row_as_full_screen_section=\u00bbno\u00bb type=\u00bbfull_width\u00bb angled_section=\u00bbno\u00bb text_align=\u00bbleft\u00bb background_image_as_pattern=\u00bbwithout_pattern\u00bb z_index=\u00bb\u00bb padding_bottom=\u00bb60&#8243;][vc_column][vc_column_text]<\/p>\n<ol>\n<li><strong>\u00bfQU\u00c9 SON LAS COOKIES?<\/strong><\/li>\n<\/ol>\n<p>Las cookies son peque\u00f1os archivos de datos que se reciben en el terminal desde el sitio web visitado y se usan para registrar ciertas interacciones de la navegaci\u00f3n en un sitio web almacenando datos que podr\u00e1n ser actualizados y recuperados. Estos archivos se almacenan en el ordenador del usuario y contiene datos an\u00f3nimos que no son perjudiciales para su equipo. Se utilizan para recordar las preferencias del usuario, como el idioma seleccionado, datos de acceso o personalizaci\u00f3n de la p\u00e1gina. \u00a0 Las cookies tambi\u00e9n pueden ser utilizadas para registrar informaci\u00f3n an\u00f3nima sobre c\u00f3mo un visitante utiliza un sitio. Por ejemplo, desde qu\u00e9 p\u00e1gina web ha accedido, o si ha utilizado un banner publicitario para llegar.<\/p>\n<p>&nbsp;<\/p>\n<ol start=\"2\">\n<li><strong>\u00bfPOR QU\u00c9 UTILIZAMOS COOKIES?<\/strong><\/li>\n<\/ol>\n<p><strong>PILAR PEREZ LAREDO<\/strong> utiliza cookies estrictamente necesarias y esenciales para que utilice nuestros sitios web y le permitan mover libremente, utilizar \u00e1reas seguras, opciones personalizadas, etc. Adem\u00e1s, <strong>PILAR PEREZ LAREDO<\/strong> utiliza cookies que recogen datos relativos al an\u00e1lisis de uso de la web. \u00c9stas se utilizan para ayudar a mejorar el servicio al cliente, midiendo el uso y el rendimiento de la p\u00e1gina, para optimizarla y personalizarla.\u00a0 Nuestros sitios tambi\u00e9n pueden tener enlaces de redes sociales (como Facebook o Twitter). <strong>PILAR PEREZ LAREDO<\/strong> no controla las cookies utilizadas por estas webs externas. Para m\u00e1s informaci\u00f3n sobre las cookies de las redes sociales u otras Webs ajenas, aconsejamos revisar sus propias pol\u00edticas de cookies. \u00a0 Este sitio web utiliza \u201ccookies\u201d de la siguiente manera:<\/p>\n<ul>\n<li>Cookie de Google ANALYTICS: Google ANALYTICS es un servicio gratuito que ofrece Google Inc. y que recopila informaci\u00f3n sobre las p\u00e1ginas de la web consultada, a qu\u00e9 hora, qu\u00e9 navegador Web, etc. Posteriormente, esta informaci\u00f3n se env\u00eda a los servidores de Google Inc. en Estados Unidos.<\/li>\n<li>Cookies de aplicaci\u00f3n \u201cAdd-this\u201d: Add-this es un servicio gratuito que le permite compartir p\u00e1ginas de este sitio web por distintos medios (correo electr\u00f3nico, redes sociales, etc.). Add-this compila informaci\u00f3n estad\u00edstica de su navegaci\u00f3n para proporcionar publicidad adaptada a sus h\u00e1bitos de navegaci\u00f3n en este sitio web o en cualquier otro sitio.<\/li>\n<\/ul>\n<p>&nbsp;<\/p>\n<p>&nbsp;<\/p>\n<ol start=\"3\">\n<li><strong>\u00bfQU\u00c9 USO LE DAMOS A LOS DIFERENTES TIPO DE COOKIES?<\/strong><\/li>\n<\/ol>\n<p><strong>Seg\u00fan su finalidad:<\/strong><\/p>\n<ul>\n<li><strong>Cookies t\u00e9cnicas:<\/strong> Las cookies t\u00e9cnicas son aquellas imprescindibles y estrictamente necesarias para el correcto funcionamiento de un portal web y la utilizaci\u00f3n de las distintas opciones y servicios que ofrece. Por ejemplo, las que sirven para el mantenimiento de la sesi\u00f3n, gesti\u00f3n del tiempo de respuesta, rendimiento o validaci\u00f3n de opciones, utilizar elementos de seguridad, compartir contenido con redes sociales, etc.<\/li>\n<li><strong>Cookies de personalizaci\u00f3n:<\/strong> Estas cookies permiten al usuario especificar o personalizar algunas caracter\u00edsticas de las opciones generales de la p\u00e1gina web, por ejemplo, definir el idioma, configuraci\u00f3n regional o tipos de navegador.<\/li>\n<li><strong>Cookies anal\u00edticas:<\/strong> Las cookies anal\u00edticas son las utilizadas por nuestro portal web, para elaborar perfiles de navegaci\u00f3n y poder conocer las preferencias de los usuarios del mismo para mejorar la oferta de productos y servicios. Por ejemplo, mediante una cookie anal\u00edtica se controlar\u00edan las \u00e1reas geogr\u00e1ficas de mayor inter\u00e9s de un usuario, cu\u00e1l es el producto de mayor aceptaci\u00f3n, etc.<\/li>\n<li><strong>Cookies publicitarias \/ de publicidad:<\/strong> Las cookies publicitarias permiten la gesti\u00f3n de los espacios publicitarios en base a criterios concretos. Por ejemplo, la frecuencia de acceso, el contenido editado, etc. Las cookies de publicidad permiten a trav\u00e9s de la gesti\u00f3n de la publicidad almacenar informaci\u00f3n del comportamiento a trav\u00e9s de la observaci\u00f3n de h\u00e1bitos, estudiando los accesos y formando un perfil de preferencias del usuario, para ofrecer publicidad relacionada con los intereses de su perfil.<\/li>\n<\/ul>\n<p>&nbsp;<\/p>\n<p><strong>Seg\u00fan plazo:<\/strong><\/p>\n<ul>\n<li><strong>Cookies de sesi\u00f3n:<\/strong> Las cookies de sesi\u00f3n son aquellas que duran el tiempo que el usuario est\u00e1 navegando por la p\u00e1gina web y se borran en el t\u00e9rmino.<\/li>\n<li><strong>Cookies persistentes:<\/strong> Estas cookies quedan almacenadas en el terminal del usuario, por un tiempo m\u00e1s largo, facilitando as\u00ed el control de las preferencias escogidas sin tener que repetir ciertos par\u00e1metros cada vez que se visite el sitio web.<\/li>\n<\/ul>\n<p>&nbsp;<\/p>\n<p>&nbsp;<\/p>\n<ol start=\"4\">\n<li><strong>\u00bfY SI NO QUIERO TENER ESTAS COOKIES O NO HAGO NADA AL RESPETO?<\/strong><\/li>\n<\/ol>\n<p>Para cumplir con la legislaci\u00f3n vigente, debemos pedir su permiso para gestionar cookies. Si decide no autorizar el tratamiento indicando su no conformidad, s\u00f3lo utilizar\u00edamos las cookies t\u00e9cnicas, ya que son imprescindibles para la navegaci\u00f3n por nuestra web. En ese caso, no almacenar\u00edamos ninguna galleta. En caso de seguir navegando por nuestro sitio web sin denegar su autorizaci\u00f3n implica que acepta su uso. \u00a0 Tenga en cuenta que si rechaza o borra las cookies de navegaci\u00f3n por la Web, no podremos mantener sus preferencias, algunas caracter\u00edsticas de las p\u00e1ginas no estar\u00e1n operativas, no podremos ofrecerle servicios personalizados y cada vez que vaya a navegar por nuestra web deberemos solicitar de nuevo su autorizaci\u00f3n para el uso de cookies. \u00a0 Si a\u00fan as\u00ed, decide modificar la configuraci\u00f3n de su acceso a la p\u00e1gina web, debe saber que es posible eliminar las cookies o impedir que se registre esta informaci\u00f3n en su equipo en cualquier momento mediante la modificaci\u00f3n de los par\u00e1metros de configuraci\u00f3n de su navegador :<\/p>\n<ul>\n<li><a href=\"https:\/\/support.microsoft.com\/es-es\/help\/17442\/windows-internet-explorer-delete-manage-cookies\">Configuraci\u00f3n de cookies de Internet Explorer.<\/a><\/li>\n<li><a href=\"https:\/\/support.mozilla.org\/es\/kb\/habilitar-y-deshabilitar-cookies-sitios-web-rastrear-preferencias\">Configuraci\u00f3n de cookies de Firefox.<\/a><\/li>\n<li><a href=\"https:\/\/support.google.com\/chrome\/answer\/95647?co=GENIE.Platform%3DDesktop&amp;hl=es-419\">Configuraci\u00f3n de cookies de Google Chrome.<\/a><\/li>\n<li><a href=\"https:\/\/support.apple.com\/kb\/ph21411?locale=es_ES\">Configuraci\u00f3n de cookies de Safari.<\/a><\/li>\n<\/ul>\n<p>Estos navegadores est\u00e1n sometidos a actualizaciones o modificaciones, por lo que no podemos garantizar que se ajusten por completo a la versi\u00f3n de su navegador. Tambi\u00e9n puede que utilice otro navegador no contemplado en estos enlaces como Konqueror, Arora, Flock, etc. Para evitar estos desajustes, puede acceder directamente desde las opciones de su navegador que se encuentra generalmente en el men\u00fa de Opciones, en la secci\u00f3n de \u201cPrivacidad\u201d. (Por favor, consulte la ayuda de su navegador para m\u00e1s informaci\u00f3n.)<\/p>\n<p>&nbsp;<\/p>\n<ol start=\"5\">\n<li><strong>\u00bfD\u00d3NDE PUEDO OBTENER M\u00c1S INFORMACI\u00d3N?<\/strong><\/li>\n<\/ol>\n<p>Puedes encontrar m\u00e1s informaci\u00f3n sobre cookies en: <a href=\"http:\/\/www.allaboutcookies.org\/\">www.allaboutcookies.org<\/a> o <a href=\"http:\/\/www.youronlinecho\/\">www.youronlinechoices.eu.<\/a>[\/vc_column_text][\/vc_column][\/vc_row]<\/p>\n<\/div>","protected":false},"excerpt":{"rendered":"<p>[vc_row css_animation=\u00bb\u00bb row_type=\u00bbrow\u00bb use_row_as_full_screen_section=\u00bbno\u00bb type=\u00bbfull_width\u00bb angled_section=\u00bbno\u00bb text_align=\u00bbleft\u00bb background_image_as_pattern=\u00bbwithout_pattern\u00bb z_index=\u00bb\u00bb padding_bottom=\u00bb60&#8243;][vc_column][vc_column_text] \u00bfQU\u00c9 SON LAS COOKIES? Las cookies son peque\u00f1os archivos de datos que se reciben en el terminal desde el sitio web visitado y se usan para registrar ciertas interacciones de la navegaci\u00f3n en un sitio&#8230;<\/p>\n","protected":false},"author":2,"featured_media":0,"parent":0,"menu_order":0,"comment_status":"closed","ping_status":"closed","template":"","meta":{"_joinchat":[],"footnotes":""},"class_list":["post-17228","page","type-page","status-publish","hentry"],"yoast_head":"<!-- This site is optimized with the Yoast SEO plugin v24.3 - https:\/\/yoast.com\/wordpress\/plugins\/seo\/ -->\n<title>Pol\u00edtica de cookies - Bellesa Essencial<\/title>\n<meta name=\"robots\" content=\"index, follow, max-snippet:-1, max-image-preview:large, max-video-preview:-1\" \/>\n<link rel=\"canonical\" href=\"https:\/\/www.bellesaessencial.com\/es\/politica-de-cookies\/\" \/>\n<meta property=\"og:locale\" content=\"es_ES\" \/>\n<meta property=\"og:type\" content=\"article\" \/>\n<meta property=\"og:title\" content=\"Pol\u00edtica de cookies - Bellesa Essencial\" \/>\n<meta property=\"og:description\" content=\"[vc_row css_animation=\u00bb\u00bb row_type=\u00bbrow\u00bb use_row_as_full_screen_section=\u00bbno\u00bb type=\u00bbfull_width\u00bb angled_section=\u00bbno\u00bb text_align=\u00bbleft\u00bb background_image_as_pattern=\u00bbwithout_pattern\u00bb z_index=\u00bb\u00bb padding_bottom=\u00bb60&#8243;][vc_column][vc_column_text] \u00bfQU\u00c9 SON LAS COOKIES? Las cookies son peque\u00f1os archivos de datos que se reciben en el terminal desde el sitio web visitado y se usan para registrar ciertas interacciones de la navegaci\u00f3n en un sitio...\" \/>\n<meta property=\"og:url\" content=\"https:\/\/www.bellesaessencial.com\/es\/politica-de-cookies\/\" \/>\n<meta property=\"og:site_name\" content=\"Bellesa Essencial\" \/>\n<meta property=\"article:modified_time\" content=\"2025-01-29T10:53:29+00:00\" \/>\n<meta name=\"twitter:card\" content=\"summary_large_image\" \/>\n<meta name=\"twitter:label1\" content=\"Tiempo de lectura\" \/>\n\t<meta name=\"twitter:data1\" content=\"5 minutos\" \/>\n<script type=\"application\/ld+json\" class=\"yoast-schema-graph\">{\"@context\":\"https:\/\/schema.org\",\"@graph\":[{\"@type\":\"WebPage\",\"@id\":\"https:\/\/www.bellesaessencial.com\/es\/politica-de-cookies\/\",\"url\":\"https:\/\/www.bellesaessencial.com\/es\/politica-de-cookies\/\",\"name\":\"Pol\u00edtica de cookies - Bellesa Essencial\",\"isPartOf\":{\"@id\":\"https:\/\/www.bellesaessencial.com\/es\/#website\"},\"datePublished\":\"2022-10-27T13:55:33+00:00\",\"dateModified\":\"2025-01-29T10:53:29+00:00\",\"breadcrumb\":{\"@id\":\"https:\/\/www.bellesaessencial.com\/es\/politica-de-cookies\/#breadcrumb\"},\"inLanguage\":\"es\",\"potentialAction\":[{\"@type\":\"ReadAction\",\"target\":[\"https:\/\/www.bellesaessencial.com\/es\/politica-de-cookies\/\"]}]},{\"@type\":\"BreadcrumbList\",\"@id\":\"https:\/\/www.bellesaessencial.com\/es\/politica-de-cookies\/#breadcrumb\",\"itemListElement\":[{\"@type\":\"ListItem\",\"position\":1,\"name\":\"Home\",\"item\":\"https:\/\/www.bellesaessencial.com\/es\/\"},{\"@type\":\"ListItem\",\"position\":2,\"name\":\"Pol\u00edtica de cookies\"}]},{\"@type\":\"WebSite\",\"@id\":\"https:\/\/www.bellesaessencial.com\/es\/#website\",\"url\":\"https:\/\/www.bellesaessencial.com\/es\/\",\"name\":\"Bellesa Essencial\",\"description\":\"Otro sitio realizado con WordPress\",\"publisher\":{\"@id\":\"https:\/\/www.bellesaessencial.com\/es\/#organization\"},\"potentialAction\":[{\"@type\":\"SearchAction\",\"target\":{\"@type\":\"EntryPoint\",\"urlTemplate\":\"https:\/\/www.bellesaessencial.com\/es\/?s={search_term_string}\"},\"query-input\":{\"@type\":\"PropertyValueSpecification\",\"valueRequired\":true,\"valueName\":\"search_term_string\"}}],\"inLanguage\":\"es\"},{\"@type\":[\"Organization\",\"Place\"],\"@id\":\"https:\/\/www.bellesaessencial.com\/es\/#organization\",\"name\":\"Bellesa Essencial\",\"url\":\"https:\/\/www.bellesaessencial.com\/es\/\",\"logo\":{\"@id\":\"https:\/\/www.bellesaessencial.com\/es\/politica-de-cookies\/#local-main-organization-logo\"},\"image\":{\"@id\":\"https:\/\/www.bellesaessencial.com\/es\/politica-de-cookies\/#local-main-organization-logo\"},\"address\":{\"@id\":\"https:\/\/www.bellesaessencial.com\/es\/politica-de-cookies\/#local-main-place-address\"},\"geo\":{\"@type\":\"GeoCoordinates\",\"latitude\":\"41.6164912\",\"longitude\":\"2.27264714\"},\"telephone\":[\"938 70 88 07\"],\"contactPoint\":{\"@type\":\"ContactPoint\",\"email\":\"hola@bellesaessencial.com\"},\"openingHoursSpecification\":[{\"@type\":\"OpeningHoursSpecification\",\"dayOfWeek\":[\"Monday\",\"Sunday\"],\"opens\":\"00:00\",\"closes\":\"00:00\"},{\"@type\":\"OpeningHoursSpecification\",\"dayOfWeek\":[\"Tuesday\",\"Wednesday\",\"Thursday\",\"Friday\"],\"opens\":\"09:00\",\"closes\":\"19:00\"},{\"@type\":\"OpeningHoursSpecification\",\"dayOfWeek\":[\"Saturday\"],\"opens\":\"08:00\",\"closes\":\"14:00\"}]},{\"@type\":\"PostalAddress\",\"@id\":\"https:\/\/www.bellesaessencial.com\/es\/politica-de-cookies\/#local-main-place-address\",\"streetAddress\":\"Carrer de Corr\u00f3, 23-25\",\"addressLocality\":\"Granollers\",\"postalCode\":\"08521\",\"addressRegion\":\"Barcelona\",\"addressCountry\":\"ES\"},{\"@type\":\"ImageObject\",\"inLanguage\":\"es\",\"@id\":\"https:\/\/www.bellesaessencial.com\/es\/politica-de-cookies\/#local-main-organization-logo\",\"url\":\"https:\/\/www.bellesaessencial.com\/wp-content\/uploads\/2022\/10\/bellesa-essencial.png\",\"contentUrl\":\"https:\/\/www.bellesaessencial.com\/wp-content\/uploads\/2022\/10\/bellesa-essencial.png\",\"width\":393,\"height\":54,\"caption\":\"Bellesa Essencial\"}]}<\/script>\n<meta name=\"geo.placename\" content=\"Granollers\" \/>\n<meta name=\"geo.position\" content=\"41.6164912;2.27264714\" \/>\n<meta name=\"geo.region\" content=\"Espa\u00f1a\" \/>\n<!-- \/ Yoast SEO plugin. -->","yoast_head_json":{"title":"Pol\u00edtica de cookies - Bellesa Essencial","robots":{"index":"index","follow":"follow","max-snippet":"max-snippet:-1","max-image-preview":"max-image-preview:large","max-video-preview":"max-video-preview:-1"},"canonical":"https:\/\/www.bellesaessencial.com\/es\/politica-de-cookies\/","og_locale":"es_ES","og_type":"article","og_title":"Pol\u00edtica de cookies - Bellesa Essencial","og_description":"[vc_row css_animation=\u00bb\u00bb row_type=\u00bbrow\u00bb use_row_as_full_screen_section=\u00bbno\u00bb type=\u00bbfull_width\u00bb angled_section=\u00bbno\u00bb text_align=\u00bbleft\u00bb background_image_as_pattern=\u00bbwithout_pattern\u00bb z_index=\u00bb\u00bb padding_bottom=\u00bb60&#8243;][vc_column][vc_column_text] \u00bfQU\u00c9 SON LAS COOKIES? Las cookies son peque\u00f1os archivos de datos que se reciben en el terminal desde el sitio web visitado y se usan para registrar ciertas interacciones de la navegaci\u00f3n en un sitio...","og_url":"https:\/\/www.bellesaessencial.com\/es\/politica-de-cookies\/","og_site_name":"Bellesa Essencial","article_modified_time":"2025-01-29T10:53:29+00:00","twitter_card":"summary_large_image","twitter_misc":{"Tiempo de lectura":"5 minutos"},"schema":{"@context":"https:\/\/schema.org","@graph":[{"@type":"WebPage","@id":"https:\/\/www.bellesaessencial.com\/es\/politica-de-cookies\/","url":"https:\/\/www.bellesaessencial.com\/es\/politica-de-cookies\/","name":"Pol\u00edtica de cookies - Bellesa Essencial","isPartOf":{"@id":"https:\/\/www.bellesaessencial.com\/es\/#website"},"datePublished":"2022-10-27T13:55:33+00:00","dateModified":"2025-01-29T10:53:29+00:00","breadcrumb":{"@id":"https:\/\/www.bellesaessencial.com\/es\/politica-de-cookies\/#breadcrumb"},"inLanguage":"es","potentialAction":[{"@type":"ReadAction","target":["https:\/\/www.bellesaessencial.com\/es\/politica-de-cookies\/"]}]},{"@type":"BreadcrumbList","@id":"https:\/\/www.bellesaessencial.com\/es\/politica-de-cookies\/#breadcrumb","itemListElement":[{"@type":"ListItem","position":1,"name":"Home","item":"https:\/\/www.bellesaessencial.com\/es\/"},{"@type":"ListItem","position":2,"name":"Pol\u00edtica de cookies"}]},{"@type":"WebSite","@id":"https:\/\/www.bellesaessencial.com\/es\/#website","url":"https:\/\/www.bellesaessencial.com\/es\/","name":"Bellesa Essencial","description":"Otro sitio realizado con WordPress","publisher":{"@id":"https:\/\/www.bellesaessencial.com\/es\/#organization"},"potentialAction":[{"@type":"SearchAction","target":{"@type":"EntryPoint","urlTemplate":"https:\/\/www.bellesaessencial.com\/es\/?s={search_term_string}"},"query-input":{"@type":"PropertyValueSpecification","valueRequired":true,"valueName":"search_term_string"}}],"inLanguage":"es"},{"@type":["Organization","Place"],"@id":"https:\/\/www.bellesaessencial.com\/es\/#organization","name":"Bellesa Essencial","url":"https:\/\/www.bellesaessencial.com\/es\/","logo":{"@id":"https:\/\/www.bellesaessencial.com\/es\/politica-de-cookies\/#local-main-organization-logo"},"image":{"@id":"https:\/\/www.bellesaessencial.com\/es\/politica-de-cookies\/#local-main-organization-logo"},"address":{"@id":"https:\/\/www.bellesaessencial.com\/es\/politica-de-cookies\/#local-main-place-address"},"geo":{"@type":"GeoCoordinates","latitude":"41.6164912","longitude":"2.27264714"},"telephone":["938 70 88 07"],"contactPoint":{"@type":"ContactPoint","email":"hola@bellesaessencial.com"},"openingHoursSpecification":[{"@type":"OpeningHoursSpecification","dayOfWeek":["Monday","Sunday"],"opens":"00:00","closes":"00:00"},{"@type":"OpeningHoursSpecification","dayOfWeek":["Tuesday","Wednesday","Thursday","Friday"],"opens":"09:00","closes":"19:00"},{"@type":"OpeningHoursSpecification","dayOfWeek":["Saturday"],"opens":"08:00","closes":"14:00"}]},{"@type":"PostalAddress","@id":"https:\/\/www.bellesaessencial.com\/es\/politica-de-cookies\/#local-main-place-address","streetAddress":"Carrer de Corr\u00f3, 23-25","addressLocality":"Granollers","postalCode":"08521","addressRegion":"Barcelona","addressCountry":"ES"},{"@type":"ImageObject","inLanguage":"es","@id":"https:\/\/www.bellesaessencial.com\/es\/politica-de-cookies\/#local-main-organization-logo","url":"https:\/\/www.bellesaessencial.com\/wp-content\/uploads\/2022\/10\/bellesa-essencial.png","contentUrl":"https:\/\/www.bellesaessencial.com\/wp-content\/uploads\/2022\/10\/bellesa-essencial.png","width":393,"height":54,"caption":"Bellesa Essencial"}]},"geo.placename":"Granollers","geo.position":{"lat":"41.6164912","long":"2.27264714"},"geo.region":"Espa\u00f1a"},"_links":{"self":[{"href":"https:\/\/www.bellesaessencial.com\/es\/wp-json\/wp\/v2\/pages\/17228","targetHints":{"allow":["GET"]}}],"collection":[{"href":"https:\/\/www.bellesaessencial.com\/es\/wp-json\/wp\/v2\/pages"}],"about":[{"href":"https:\/\/www.bellesaessencial.com\/es\/wp-json\/wp\/v2\/types\/page"}],"author":[{"embeddable":true,"href":"https:\/\/www.bellesaessencial.com\/es\/wp-json\/wp\/v2\/users\/2"}],"replies":[{"embeddable":true,"href":"https:\/\/www.bellesaessencial.com\/es\/wp-json\/wp\/v2\/comments?post=17228"}],"version-history":[{"count":4,"href":"https:\/\/www.bellesaessencial.com\/es\/wp-json\/wp\/v2\/pages\/17228\/revisions"}],"predecessor-version":[{"id":17309,"href":"https:\/\/www.bellesaessencial.com\/es\/wp-json\/wp\/v2\/pages\/17228\/revisions\/17309"}],"wp:attachment":[{"href":"https:\/\/www.bellesaessencial.com\/es\/wp-json\/wp\/v2\/media?parent=17228"}],"curies":[{"name":"wp","href":"https:\/\/api.w.org\/{rel}","templated":true}]}}