{"id":17248,"date":"2022-10-27T13:53:42","date_gmt":"2022-10-27T13:53:42","guid":{"rendered":"https:\/\/www.bellesaessencial.com\/politica-de-privacidad\/"},"modified":"2025-01-29T10:54:13","modified_gmt":"2025-01-29T10:54:13","slug":"politica-de-privacidad","status":"publish","type":"page","link":"https:\/\/www.bellesaessencial.com\/es\/politica-de-privacidad\/","title":{"rendered":"Pol\u00edtica de privacidad"},"content":{"rendered":"<div class=\"wpb-content-wrapper\"><p>[vc_row css_animation=\u00bb\u00bb row_type=\u00bbrow\u00bb use_row_as_full_screen_section=\u00bbno\u00bb type=\u00bbfull_width\u00bb angled_section=\u00bbno\u00bb text_align=\u00bbleft\u00bb background_image_as_pattern=\u00bbwithout_pattern\u00bb z_index=\u00bb\u00bb padding_bottom=\u00bb60&#8243;][vc_column][vc_column_text]<\/p>\n<ol>\n<li><strong><u>POL\u00cdTICA DE ENLACES Y EXENCIONES DE RESPONSABILIDAD<\/u><\/strong><\/li>\n<\/ol>\n<p><strong>PILAR PEREZ LAREDO,<\/strong> no se hace responsable del contenido de las p\u00e1ginas web a las que pueda acceder el <strong>Usuario<\/strong> a trav\u00e9s de los enlaces establecidos en sus sitios web y declara que en ning\u00fan caso examinar\u00e1 ni ejercitar\u00e1 ning\u00fan tipo de control sobre el contenido de otros p\u00e1ginas de la red. \u00a0 Asimismo, tampoco garantiza la disponibilidad t\u00e9cnica, exactitud, veracidad, validez o legalidad de p\u00e1ginas ajenas a su propiedad a las que se pueda acceder a trav\u00e9s de los enlaces.<\/p>\n<p><strong>PILAR PEREZ LAREDO<\/strong> declara que ha adoptado todas las medidas necesarias para evitar cualquier da\u00f1o que pueda derivarse de la navegaci\u00f3n por sus p\u00e1ginas web. En consecuencia, <strong>PILAR PEREZ LAREDO,<\/strong> no se hace responsable, en ning\u00fan caso, de los eventuales da\u00f1os que pueda sufrir el <strong>Usuario<\/strong> a causa de la navegaci\u00f3n por Internet.\u00a0 <strong>PILAR PEREZ LAREDO,<\/strong> no se responsabiliza de los da\u00f1os o perjuicios de cualquier tipo producidos en el <strong>Usuario<\/strong> que lleven causa de errores o desconexiones en las redes de telecomunicaciones que produzcan la suspensi\u00f3n, cancelaci\u00f3n o interrupci\u00f3n del servicio de la web durante la prestaci\u00f3n del mismo o con car\u00e1cter previo.\u00a0 El acceso a la web: <strong>www.bellesaessencial.com<\/strong> no implica la obligaci\u00f3n por parte de la empresa de controlar la ausencia de virus o cualquier otro elemento inform\u00e1tico da\u00f1ino. Corresponde al <strong>Usuario<\/strong> , en todo caso, la disponibilidad de herramientas adecuadas para la detecci\u00f3n y desinfecci\u00f3n de programas inform\u00e1ticos nocivos.\u00a0 <strong>PILAR PEREZ LAREDO,<\/strong> no se responsabiliza de los da\u00f1os producidos en los equipos inform\u00e1ticos, documentos y\/o ficheros de los <strong>Usuarios<\/strong> o de terceros durante la prestaci\u00f3n del servicio en el Portal.<\/p>\n<p>&nbsp;<\/p>\n<ol start=\"2\">\n<li><strong><u>PUBLICIDAD<\/u><\/strong><\/li>\n<\/ol>\n<p>La Web: <strong>www.bellesaessencial.com<\/strong> podr\u00e1 alojar contenidos publicitarios o patrocinados. Los anunciantes o patrocinadores son los \u00fanicos responsables de asegurar que el material remitido para su inclusi\u00f3n en la Web cumple con las leyes que en cada caso puedan ser de aplicaci\u00f3n.\u00a0 <strong>PILAR PEREZ LAREDO<\/strong> no ser\u00e1 responsable de cualquier error, inexactitud o irregularidad que puedan contener los contenidos publicitarios o de los patrocinadores.<\/p>\n<p>&nbsp;<\/p>\n<ol start=\"3\">\n<li><strong><u>MODIFICACIONES<\/u><\/strong><\/li>\n<\/ol>\n<p><strong>PILAR PEREZ LAREDO,<\/strong> se reserva el derecho a realizar las modificaciones que considere oportunas, sin previo aviso, al contenido de sus sitios web, tanto en lo que se refiere a los contenidos de los sitios web como por sus condiciones de uso o por las condiciones generales de contrataci\u00f3n. Estas modificaciones podr\u00e1n realizarse, a trav\u00e9s de sus sitios web, de cualquier forma admisible en derecho y ser\u00e1n de obligado cumplimiento durante el tiempo que est\u00e9n publicadas en la web y hasta que no sean modificadas por otras posteriores.<\/p>\n<p>&nbsp;<\/p>\n<ol start=\"4\">\n<li><strong><u>RESERVA DE COOKIES<\/u><\/strong><\/li>\n<\/ol>\n<p><strong>PILAR PEREZ LAREDO,<\/strong> se reserva el derecho de utilizar cookies en la navegaci\u00f3n del <strong>Usuario<\/strong> por sus sitios web para facilitar la personalizaci\u00f3n y comodidad de la navegaci\u00f3n. Siguiendo la pol\u00edtica de protecci\u00f3n de datos de la empresa, <strong>PILAR PEREZ LAREDO,<\/strong> informa que las cookies se asocian al <strong>Usuario<\/strong> an\u00f3nimo ya su ordenador y no proporcionan por s\u00ed mismas ni el nombre ni los apellidos del <strong>Usuario<\/strong> .\u00a0 El <strong>Usuario<\/strong> tiene la posibilidad de configurar su navegador de forma que sea informado de la recepci\u00f3n de cookies, con la posibilidad, si as\u00ed lo desea, de impedir que se instalen en su disco duro. Sin embargo, para acceder a los sitios web de <strong>PILAR PEREZ LAREDO,<\/strong> no es preceptiva la instalaci\u00f3n de cookies.\u00a0 El <strong>Usuario<\/strong> se compromete a abstenerse de reproducir, copiar, distribuir, poner a disposici\u00f3n o de cualquier otra forma de comunicar p\u00fablicamente, transformar o modificar los Contenidos, salvo que se cuente con la autorizaci\u00f3n del titular de los correspondientes derechos o ello resulte legalmente permitido.<\/p>\n<p>&nbsp;<\/p>\n<ol start=\"5\">\n<li><strong><u>PROTECCI\u00d3N DE DATOS PERSONAL<\/u><\/strong><\/li>\n<\/ol>\n<p class=\"p1\">De conformidad con lo que establece la Ley Org\u00e1nica y el Reglamento General -UE- 2016\/679 del Parlamento y Consejo de Europa de Protecci\u00f3n de Datos de Car\u00e1cter Personal, aprobado el 27 de abril de 2016, <strong>PILAR PEREZ LAREDO,<\/strong> informa a los <strong>Usuarios<\/strong> de sus websites, que estamos obligados a guardar secreto profesional de los datos personales captados por la empresa mediante los formularios situados en sus p\u00e1ginas, esta obligaci\u00f3n continuar\u00e1 incluso despu\u00e9s de haber finalizado nuestra relaci\u00f3n comercial o contractual, y en jefe caso podremos hacer p\u00fablicos los datos personales de los visitantes y clientes en la web sin su consentimiento, los menores de 13 a\u00f1os, no pueden prestar su consentimiento para que un comercio recoja y trate sus datos personales; solo sus representantes legales (padres o tutores) son quienes pueden hacerlo en su nombre. Aquellos comercios que necesiten tratar datos de menores de 13 a\u00f1os, deben disponer de los medios para obtener el consentimiento de sus padres o tutores, por ejemplo, mediante un mensaje de correo electr\u00f3nico dirigido a alguno de ellos que contenga un enlace a un formulario electr\u00f3nico . No se puede solicitar a los menores de 13 a\u00f1os datos sobre el \u00e1mbito familiar, siendo la \u00fanica excepci\u00f3n los datos de identificaci\u00f3n y contacto de los padres o tutores. Estos datos ser\u00e1n introducidos en un fichero automatizado bajo la responsabilidad del administrador de la web de <strong>PILAR PEREZ LAREDO,<\/strong> con el fin de poder facilitar, agilizar y cumplir los compromisos establecidos entre ambas partes. Asimismo, <strong>PILAR PEREZ LAREDO,<\/strong> , informa de la posibilidad de ejercer los derechos <strong>de acceso<\/strong> <strong>,<\/strong> que permite al usuario web, conocer que datos personales tiene el administrador de esta p\u00e1gina y en tal caso contestara en un plazo de 30 d\u00edas, siempre que conserve los datos, <strong>rectificaci\u00f3n<\/strong> , que permite corregir errores, modificar los datos que sean inexactos o incompletos y garantizar la certeza de la informaci\u00f3n, <strong>oposici\u00f3n,<\/strong> que podr\u00e1 solicitar y conseguir que no lleve a cabo el tratamiento de datos, <strong>supresi\u00f3n,<\/strong> que permite que se supriman los datos inadecuados o excesivos, <strong>limitaci\u00f3n<\/strong> , por el que puede solicitar que se limite el tratamiento de sus datos cuando haya ejercido su derecho a la rectificaci\u00f3n de sus datos personales, y <strong>portabilidad<\/strong> usuario pueda obtener una copia de los datos personales que haya facilitado en la web a fin de poder transmitirlos a otros servicios, estos derechos se podr\u00e1n ejercer por cualquier medio que deje constancia de su env\u00edo y de su recepci\u00f3n en la direcci\u00f3n : <strong>CORRO 23-25.<\/strong> C\u00f3digo Postal: <strong>08401<\/strong> . Localidad: <strong>GRANOLLERS<\/strong> . Provincia: <strong>BARCELONA<\/strong> ., o en el correo electr\u00f3nico <u>info@pilarperezlaredo.com<\/u> <strong>,<\/strong> aportando fotocopia del DNI o documentaci\u00f3n alternativa que acredite su identidad.<\/p>\n<p>\u00a0 Mientras no nos comunique lo contrario, entenderemos que sus datos no han sido modificados, que usted se compromete a notificarnos cualquier variaci\u00f3n y que tenemos el consentimiento para utilizarlos para poder fidelizar la relaci\u00f3n entre las partes. \u00a0 El env\u00edo de sus datos mediante el\/los formulario\/s de nuestra web, estar\u00e1 supeditado obligatoriamente a que haya le\u00eddo\/aceptado la Pol\u00edtica de Privacidad, mediante un check box obligatorio a pie del formulario. \u00a0 De acuerdo con lo que establece la Ley 34\/2002, de Servicios de la Sociedad de la Informaci\u00f3n y el Comercio Electr\u00f3nico en su art\u00edculo 21, pedimos su consentimiento para poder realizar comunicaciones publicitarias que consideremos puedan ser de su inter\u00e9s, correo electr\u00f3nico o por cualquier otro medio de comunicaci\u00f3n electr\u00f3nica equivalente, este consentimiento lo aceptar\u00e1 o negar\u00e1 con un check box obligatorio a pie del formulario.<\/p>\n<p>&nbsp;<\/p>\n<ol start=\"6\">\n<li><strong><u>PROPIEDAD INTELECTUAL<\/u><\/strong><\/li>\n<\/ol>\n<p>Los derechos de propiedad intelectual e industrial derivados de todos los textos, im\u00e1genes, as\u00ed como de los medios y formas de presentaci\u00f3n y montaje de sus p\u00e1ginas pertenecen, por s\u00ed mismos o como cesionaria, a <strong>PILAR PEREZ LAREDO,<\/strong> ser\u00e1n, por tanto , obras protegidas con propiedad intelectual por el ordenamiento jur\u00eddico espa\u00f1ol y se les podr\u00e1 aplicar tanto la normativa espa\u00f1ola y comunitaria en este campo, como los tratados internacionales relativos a la materia y suscritos por Espa\u00f1a.\u00a0 Todos los derechos reservados. En cumplimiento de la Ley de la Propiedad Intelectual se proh\u00edbe expresamente la reproducci\u00f3n, distribuci\u00f3n, comunicaci\u00f3n p\u00fablica y utilizaci\u00f3n de la totalidad o parte de los contenidos de sus p\u00e1ginas web sin el expl\u00edcito consentimiento de <strong>PILAR PEREZ LAREDO.<\/strong>\u00a0 Asimismo, <strong>PILAR PEREZ LAREDO,<\/strong> se reserva la facultad de presentar las acciones civiles o penales que considere oportunas por la utilizaci\u00f3n indebida de sus p\u00e1ginas web y contenidos o por el incumplimiento de estas condiciones.<\/p>\n<ol start=\"7\">\n<li><strong><u>SELLOS DE CONFIANZA<\/u><\/strong><\/li>\n<\/ol>\n<p>Los sellos de confianza son distintivos que se proporcionan en las tiendas online para demostrar su calidad y seguridad en la venta online. \u00a0 Para conseguir el sello, \u00e9stas son auditadas o evaluadas para comprobar que cumplen los criterios de seguridad en la compra y cumplimiento legal. \u00a0 Las tiendas que disponen de un sello de confianza est\u00e1n adheridas a un c\u00f3digo de conducta y suelen ofrecer a los consumidores procedimientos alternativos de resoluci\u00f3n de conflictos sencillos, r\u00e1pidos y c\u00f3modos.<\/p>\n<p>&nbsp;<\/p>\n<p><strong>8<\/strong> . <strong><u>CERTIFICADOS DE CUMPLIMIENTO LSSI-CE Y PROTECCI\u00d3N DE DATOS<\/u><\/strong> <strong>www.bellesaessencial.com<\/strong> cumple con la normativa de Protecci\u00f3n de Datos vigente y con la <strong>LSSI-CE<\/strong> , y ha sido asesorada en estas normativas por <a href=\"http:\/\/www.grupoqualia.net\/es\/inicio\"><strong>GRUPO QUALIA<\/strong><\/a> , por lo que se le otorgan dos certificados en formato de imagen digital para que pueda exponerlos en su sitio web.[\/vc_column_text][vc_separator type=\u00bbtransparent\u00bb up=\u00bb25&#8243;][vc_row_inner row_type=\u00bbrow\u00bb type=\u00bbfull_width\u00bb text_align=\u00bbleft\u00bb css_animation=\u00bb\u00bb][vc_column_inner width=\u00bb1\/3&#8243;][vc_single_image image=\u00bb16456&#8243; img_size=\u00bbfull\u00bb qode_css_animation=\u00bb\u00bb][\/vc_column_inner][vc_column_inner width=\u00bb1\/3&#8243;][vc_single_image image=\u00bb16458&#8243; img_size=\u00bbfull\u00bb qode_css_animation=\u00bb\u00bb][\/vc_column_inner][vc_column_inner width=\u00bb1\/3&#8243;][vc_single_image image=\u00bb16457&#8243; img_size=\u00bbfull\u00bb qode_css_animation=\u00bb\u00bb][\/vc_column_inner][\/vc_row_inner][vc_separator type=\u00bbtransparent\u00bb up=\u00bb25&#8243;][vc_column_text]<\/p>\n<ol start=\"8\">\n<li><strong><u>ACCIONES LEGAL, LEGISLACI\u00d3N APLICABLE Y JURISDICCI\u00d3N<\/u><\/strong><\/li>\n<\/ol>\n<p>La relaci\u00f3n entre el usuario y <strong>PILAR PEREZ LAREDO,<\/strong> se regir\u00e1 por la normativa espa\u00f1ola vigente y ser\u00e1n competentes, para decidir sobre cualquier controversia que pueda surgir entre el usuario y <strong>PILAR PEREZ LAREDO<\/strong> , los juzgados o tribunales de la localidad de <strong>GRANOLLERS.<\/strong>[\/vc_column_text][\/vc_column][\/vc_row]<\/p>\n<\/div>","protected":false},"excerpt":{"rendered":"<p>[vc_row css_animation=\u00bb\u00bb row_type=\u00bbrow\u00bb use_row_as_full_screen_section=\u00bbno\u00bb type=\u00bbfull_width\u00bb angled_section=\u00bbno\u00bb text_align=\u00bbleft\u00bb background_image_as_pattern=\u00bbwithout_pattern\u00bb z_index=\u00bb\u00bb padding_bottom=\u00bb60&#8243;][vc_column][vc_column_text] POL\u00cdTICA DE ENLACES Y EXENCIONES DE RESPONSABILIDAD PILAR PEREZ LAREDO, no se hace responsable del contenido de las p\u00e1ginas web a las que pueda acceder el Usuario a trav\u00e9s de los enlaces establecidos en sus&#8230;<\/p>\n","protected":false},"author":2,"featured_media":0,"parent":0,"menu_order":0,"comment_status":"closed","ping_status":"closed","template":"","meta":{"_joinchat":[],"footnotes":""},"class_list":["post-17248","page","type-page","status-publish","hentry"],"yoast_head":"<!-- This site is optimized with the Yoast SEO plugin v24.3 - https:\/\/yoast.com\/wordpress\/plugins\/seo\/ -->\n<title>Pol\u00edtica de privacidad - Bellesa Essencial<\/title>\n<meta name=\"robots\" content=\"index, follow, max-snippet:-1, max-image-preview:large, max-video-preview:-1\" \/>\n<link rel=\"canonical\" href=\"https:\/\/www.bellesaessencial.com\/es\/politica-de-privacidad\/\" \/>\n<meta property=\"og:locale\" content=\"es_ES\" \/>\n<meta property=\"og:type\" content=\"article\" \/>\n<meta property=\"og:title\" content=\"Pol\u00edtica de privacidad - Bellesa Essencial\" \/>\n<meta property=\"og:description\" content=\"[vc_row css_animation=\u00bb\u00bb row_type=\u00bbrow\u00bb use_row_as_full_screen_section=\u00bbno\u00bb type=\u00bbfull_width\u00bb angled_section=\u00bbno\u00bb text_align=\u00bbleft\u00bb background_image_as_pattern=\u00bbwithout_pattern\u00bb z_index=\u00bb\u00bb padding_bottom=\u00bb60&#8243;][vc_column][vc_column_text] POL\u00cdTICA DE ENLACES Y EXENCIONES DE RESPONSABILIDAD PILAR PEREZ LAREDO, no se hace responsable del contenido de las p\u00e1ginas web a las que pueda acceder el Usuario a trav\u00e9s de los enlaces establecidos en sus...\" \/>\n<meta property=\"og:url\" content=\"https:\/\/www.bellesaessencial.com\/es\/politica-de-privacidad\/\" \/>\n<meta property=\"og:site_name\" content=\"Bellesa Essencial\" \/>\n<meta property=\"article:modified_time\" content=\"2025-01-29T10:54:13+00:00\" \/>\n<meta name=\"twitter:card\" content=\"summary_large_image\" \/>\n<meta name=\"twitter:label1\" content=\"Tiempo de lectura\" \/>\n\t<meta name=\"twitter:data1\" content=\"7 minutos\" \/>\n<script type=\"application\/ld+json\" class=\"yoast-schema-graph\">{\"@context\":\"https:\/\/schema.org\",\"@graph\":[{\"@type\":\"WebPage\",\"@id\":\"https:\/\/www.bellesaessencial.com\/es\/politica-de-privacidad\/\",\"url\":\"https:\/\/www.bellesaessencial.com\/es\/politica-de-privacidad\/\",\"name\":\"Pol\u00edtica de privacidad - Bellesa Essencial\",\"isPartOf\":{\"@id\":\"https:\/\/www.bellesaessencial.com\/es\/#website\"},\"datePublished\":\"2022-10-27T13:53:42+00:00\",\"dateModified\":\"2025-01-29T10:54:13+00:00\",\"breadcrumb\":{\"@id\":\"https:\/\/www.bellesaessencial.com\/es\/politica-de-privacidad\/#breadcrumb\"},\"inLanguage\":\"es\",\"potentialAction\":[{\"@type\":\"ReadAction\",\"target\":[\"https:\/\/www.bellesaessencial.com\/es\/politica-de-privacidad\/\"]}]},{\"@type\":\"BreadcrumbList\",\"@id\":\"https:\/\/www.bellesaessencial.com\/es\/politica-de-privacidad\/#breadcrumb\",\"itemListElement\":[{\"@type\":\"ListItem\",\"position\":1,\"name\":\"Home\",\"item\":\"https:\/\/www.bellesaessencial.com\/es\/\"},{\"@type\":\"ListItem\",\"position\":2,\"name\":\"Pol\u00edtica de privacidad\"}]},{\"@type\":\"WebSite\",\"@id\":\"https:\/\/www.bellesaessencial.com\/es\/#website\",\"url\":\"https:\/\/www.bellesaessencial.com\/es\/\",\"name\":\"Bellesa Essencial\",\"description\":\"Otro sitio realizado con WordPress\",\"publisher\":{\"@id\":\"https:\/\/www.bellesaessencial.com\/es\/#organization\"},\"potentialAction\":[{\"@type\":\"SearchAction\",\"target\":{\"@type\":\"EntryPoint\",\"urlTemplate\":\"https:\/\/www.bellesaessencial.com\/es\/?s={search_term_string}\"},\"query-input\":{\"@type\":\"PropertyValueSpecification\",\"valueRequired\":true,\"valueName\":\"search_term_string\"}}],\"inLanguage\":\"es\"},{\"@type\":[\"Organization\",\"Place\"],\"@id\":\"https:\/\/www.bellesaessencial.com\/es\/#organization\",\"name\":\"Bellesa Essencial\",\"url\":\"https:\/\/www.bellesaessencial.com\/es\/\",\"logo\":{\"@id\":\"https:\/\/www.bellesaessencial.com\/es\/politica-de-privacidad\/#local-main-organization-logo\"},\"image\":{\"@id\":\"https:\/\/www.bellesaessencial.com\/es\/politica-de-privacidad\/#local-main-organization-logo\"},\"address\":{\"@id\":\"https:\/\/www.bellesaessencial.com\/es\/politica-de-privacidad\/#local-main-place-address\"},\"geo\":{\"@type\":\"GeoCoordinates\",\"latitude\":\"41.6164912\",\"longitude\":\"2.27264714\"},\"telephone\":[\"938 70 88 07\"],\"contactPoint\":{\"@type\":\"ContactPoint\",\"email\":\"hola@bellesaessencial.com\"},\"openingHoursSpecification\":[{\"@type\":\"OpeningHoursSpecification\",\"dayOfWeek\":[\"Monday\",\"Sunday\"],\"opens\":\"00:00\",\"closes\":\"00:00\"},{\"@type\":\"OpeningHoursSpecification\",\"dayOfWeek\":[\"Tuesday\",\"Wednesday\",\"Thursday\",\"Friday\"],\"opens\":\"09:00\",\"closes\":\"19:00\"},{\"@type\":\"OpeningHoursSpecification\",\"dayOfWeek\":[\"Saturday\"],\"opens\":\"08:00\",\"closes\":\"14:00\"}]},{\"@type\":\"PostalAddress\",\"@id\":\"https:\/\/www.bellesaessencial.com\/es\/politica-de-privacidad\/#local-main-place-address\",\"streetAddress\":\"Carrer de Corr\u00f3, 23-25\",\"addressLocality\":\"Granollers\",\"postalCode\":\"08521\",\"addressRegion\":\"Barcelona\",\"addressCountry\":\"ES\"},{\"@type\":\"ImageObject\",\"inLanguage\":\"es\",\"@id\":\"https:\/\/www.bellesaessencial.com\/es\/politica-de-privacidad\/#local-main-organization-logo\",\"url\":\"https:\/\/www.bellesaessencial.com\/wp-content\/uploads\/2022\/10\/bellesa-essencial.png\",\"contentUrl\":\"https:\/\/www.bellesaessencial.com\/wp-content\/uploads\/2022\/10\/bellesa-essencial.png\",\"width\":393,\"height\":54,\"caption\":\"Bellesa Essencial\"}]}<\/script>\n<meta name=\"geo.placename\" content=\"Granollers\" \/>\n<meta name=\"geo.position\" content=\"41.6164912;2.27264714\" \/>\n<meta name=\"geo.region\" content=\"Espa\u00f1a\" \/>\n<!-- \/ Yoast SEO plugin. -->","yoast_head_json":{"title":"Pol\u00edtica de privacidad - Bellesa Essencial","robots":{"index":"index","follow":"follow","max-snippet":"max-snippet:-1","max-image-preview":"max-image-preview:large","max-video-preview":"max-video-preview:-1"},"canonical":"https:\/\/www.bellesaessencial.com\/es\/politica-de-privacidad\/","og_locale":"es_ES","og_type":"article","og_title":"Pol\u00edtica de privacidad - Bellesa Essencial","og_description":"[vc_row css_animation=\u00bb\u00bb row_type=\u00bbrow\u00bb use_row_as_full_screen_section=\u00bbno\u00bb type=\u00bbfull_width\u00bb angled_section=\u00bbno\u00bb text_align=\u00bbleft\u00bb background_image_as_pattern=\u00bbwithout_pattern\u00bb z_index=\u00bb\u00bb padding_bottom=\u00bb60&#8243;][vc_column][vc_column_text] POL\u00cdTICA DE ENLACES Y EXENCIONES DE RESPONSABILIDAD PILAR PEREZ LAREDO, no se hace responsable del contenido de las p\u00e1ginas web a las que pueda acceder el Usuario a trav\u00e9s de los enlaces establecidos en sus...","og_url":"https:\/\/www.bellesaessencial.com\/es\/politica-de-privacidad\/","og_site_name":"Bellesa Essencial","article_modified_time":"2025-01-29T10:54:13+00:00","twitter_card":"summary_large_image","twitter_misc":{"Tiempo de lectura":"7 minutos"},"schema":{"@context":"https:\/\/schema.org","@graph":[{"@type":"WebPage","@id":"https:\/\/www.bellesaessencial.com\/es\/politica-de-privacidad\/","url":"https:\/\/www.bellesaessencial.com\/es\/politica-de-privacidad\/","name":"Pol\u00edtica de privacidad - Bellesa Essencial","isPartOf":{"@id":"https:\/\/www.bellesaessencial.com\/es\/#website"},"datePublished":"2022-10-27T13:53:42+00:00","dateModified":"2025-01-29T10:54:13+00:00","breadcrumb":{"@id":"https:\/\/www.bellesaessencial.com\/es\/politica-de-privacidad\/#breadcrumb"},"inLanguage":"es","potentialAction":[{"@type":"ReadAction","target":["https:\/\/www.bellesaessencial.com\/es\/politica-de-privacidad\/"]}]},{"@type":"BreadcrumbList","@id":"https:\/\/www.bellesaessencial.com\/es\/politica-de-privacidad\/#breadcrumb","itemListElement":[{"@type":"ListItem","position":1,"name":"Home","item":"https:\/\/www.bellesaessencial.com\/es\/"},{"@type":"ListItem","position":2,"name":"Pol\u00edtica de privacidad"}]},{"@type":"WebSite","@id":"https:\/\/www.bellesaessencial.com\/es\/#website","url":"https:\/\/www.bellesaessencial.com\/es\/","name":"Bellesa Essencial","description":"Otro sitio realizado con WordPress","publisher":{"@id":"https:\/\/www.bellesaessencial.com\/es\/#organization"},"potentialAction":[{"@type":"SearchAction","target":{"@type":"EntryPoint","urlTemplate":"https:\/\/www.bellesaessencial.com\/es\/?s={search_term_string}"},"query-input":{"@type":"PropertyValueSpecification","valueRequired":true,"valueName":"search_term_string"}}],"inLanguage":"es"},{"@type":["Organization","Place"],"@id":"https:\/\/www.bellesaessencial.com\/es\/#organization","name":"Bellesa Essencial","url":"https:\/\/www.bellesaessencial.com\/es\/","logo":{"@id":"https:\/\/www.bellesaessencial.com\/es\/politica-de-privacidad\/#local-main-organization-logo"},"image":{"@id":"https:\/\/www.bellesaessencial.com\/es\/politica-de-privacidad\/#local-main-organization-logo"},"address":{"@id":"https:\/\/www.bellesaessencial.com\/es\/politica-de-privacidad\/#local-main-place-address"},"geo":{"@type":"GeoCoordinates","latitude":"41.6164912","longitude":"2.27264714"},"telephone":["938 70 88 07"],"contactPoint":{"@type":"ContactPoint","email":"hola@bellesaessencial.com"},"openingHoursSpecification":[{"@type":"OpeningHoursSpecification","dayOfWeek":["Monday","Sunday"],"opens":"00:00","closes":"00:00"},{"@type":"OpeningHoursSpecification","dayOfWeek":["Tuesday","Wednesday","Thursday","Friday"],"opens":"09:00","closes":"19:00"},{"@type":"OpeningHoursSpecification","dayOfWeek":["Saturday"],"opens":"08:00","closes":"14:00"}]},{"@type":"PostalAddress","@id":"https:\/\/www.bellesaessencial.com\/es\/politica-de-privacidad\/#local-main-place-address","streetAddress":"Carrer de Corr\u00f3, 23-25","addressLocality":"Granollers","postalCode":"08521","addressRegion":"Barcelona","addressCountry":"ES"},{"@type":"ImageObject","inLanguage":"es","@id":"https:\/\/www.bellesaessencial.com\/es\/politica-de-privacidad\/#local-main-organization-logo","url":"https:\/\/www.bellesaessencial.com\/wp-content\/uploads\/2022\/10\/bellesa-essencial.png","contentUrl":"https:\/\/www.bellesaessencial.com\/wp-content\/uploads\/2022\/10\/bellesa-essencial.png","width":393,"height":54,"caption":"Bellesa Essencial"}]},"geo.placename":"Granollers","geo.position":{"lat":"41.6164912","long":"2.27264714"},"geo.region":"Espa\u00f1a"},"_links":{"self":[{"href":"https:\/\/www.bellesaessencial.com\/es\/wp-json\/wp\/v2\/pages\/17248","targetHints":{"allow":["GET"]}}],"collection":[{"href":"https:\/\/www.bellesaessencial.com\/es\/wp-json\/wp\/v2\/pages"}],"about":[{"href":"https:\/\/www.bellesaessencial.com\/es\/wp-json\/wp\/v2\/types\/page"}],"author":[{"embeddable":true,"href":"https:\/\/www.bellesaessencial.com\/es\/wp-json\/wp\/v2\/users\/2"}],"replies":[{"embeddable":true,"href":"https:\/\/www.bellesaessencial.com\/es\/wp-json\/wp\/v2\/comments?post=17248"}],"version-history":[{"count":3,"href":"https:\/\/www.bellesaessencial.com\/es\/wp-json\/wp\/v2\/pages\/17248\/revisions"}],"predecessor-version":[{"id":17310,"href":"https:\/\/www.bellesaessencial.com\/es\/wp-json\/wp\/v2\/pages\/17248\/revisions\/17310"}],"wp:attachment":[{"href":"https:\/\/www.bellesaessencial.com\/es\/wp-json\/wp\/v2\/media?parent=17248"}],"curies":[{"name":"wp","href":"https:\/\/api.w.org\/{rel}","templated":true}]}}